{"id":2808,"date":"2019-11-28T16:02:58","date_gmt":"2019-11-28T15:02:58","guid":{"rendered":"http:\/\/campinglaaldea.com.mialias.net\/como-llegar\/"},"modified":"2024-09-09T14:00:26","modified_gmt":"2024-09-09T12:00:26","slug":"how-to-arrive","status":"publish","type":"page","link":"https:\/\/campinglaaldea.com\/en\/how-to-arrive\/","title":{"rendered":"How to arrive"},"content":{"rendered":"","protected":false},"excerpt":{"rendered":"","protected":false},"author":1,"featured_media":0,"parent":0,"menu_order":5,"comment_status":"closed","ping_status":"closed","template":"templates\/tmp-carte.php","meta":{"_acf_changed":false,"om_disable_all_campaigns":false,"footnotes":""},"class_list":["post-2808","page","type-page","status-publish","hentry"],"acf":[],"yoast_head":"<!-- This site is optimized with the Yoast SEO plugin v26.5 - https:\/\/yoast.com\/wordpress\/plugins\/seo\/ -->\n<title>How to arrive - Camping La Aldea cerca del Parque Nacional de Do\u00f1ana<\/title>\n<meta name=\"description\" content=\"Find out how to reach Camping La Aldea with detailed directions from various cities and transportation options.\" \/>\n<meta name=\"robots\" content=\"index, follow, max-snippet:-1, max-image-preview:large, max-video-preview:-1\" \/>\n<link rel=\"canonical\" href=\"https:\/\/campinglaaldea.com\/en\/how-to-arrive\/\" \/>\n<meta property=\"og:locale\" content=\"en_US\" \/>\n<meta property=\"og:type\" content=\"article\" \/>\n<meta property=\"og:title\" content=\"How to arrive - Camping La Aldea cerca del Parque Nacional de Do\u00f1ana\" \/>\n<meta property=\"og:description\" content=\"Find out how to reach Camping La Aldea with detailed directions from various cities and transportation options.\" \/>\n<meta property=\"og:url\" content=\"https:\/\/campinglaaldea.com\/en\/how-to-arrive\/\" \/>\n<meta property=\"og:site_name\" content=\"Camping La Aldea cerca del Parque Nacional de Do\u00f1ana\" \/>\n<meta property=\"article:modified_time\" content=\"2024-09-09T12:00:26+00:00\" \/>\n<meta name=\"twitter:card\" content=\"summary_large_image\" \/>\n<script type=\"application\/ld+json\" class=\"yoast-schema-graph\">{\"@context\":\"https:\/\/schema.org\",\"@graph\":[{\"@type\":\"WebPage\",\"@id\":\"https:\/\/campinglaaldea.com\/en\/how-to-arrive\/\",\"url\":\"https:\/\/campinglaaldea.com\/en\/how-to-arrive\/\",\"name\":\"How to arrive - Camping La Aldea cerca del Parque Nacional de Do\u00f1ana\",\"isPartOf\":{\"@id\":\"https:\/\/campinglaaldea.com\/#website\"},\"datePublished\":\"2019-11-28T15:02:58+00:00\",\"dateModified\":\"2024-09-09T12:00:26+00:00\",\"description\":\"Find out how to reach Camping La Aldea with detailed directions from various cities and transportation options.\",\"breadcrumb\":{\"@id\":\"https:\/\/campinglaaldea.com\/en\/how-to-arrive\/#breadcrumb\"},\"inLanguage\":\"en-US\",\"potentialAction\":[{\"@type\":\"ReadAction\",\"target\":[\"https:\/\/campinglaaldea.com\/en\/how-to-arrive\/\"]}]},{\"@type\":\"BreadcrumbList\",\"@id\":\"https:\/\/campinglaaldea.com\/en\/how-to-arrive\/#breadcrumb\",\"itemListElement\":[{\"@type\":\"ListItem\",\"position\":1,\"name\":\"Home\",\"item\":\"https:\/\/campinglaaldea.com\/en\/\"},{\"@type\":\"ListItem\",\"position\":2,\"name\":\"How to arrive\"}]},{\"@type\":\"WebSite\",\"@id\":\"https:\/\/campinglaaldea.com\/#website\",\"url\":\"https:\/\/campinglaaldea.com\/\",\"name\":\"Camping La Aldea cerca del Parque Nacional de Do\u00f1ana\",\"description\":\"Camping situado en la Aldea del Roc\u00edo, a las puertas del Parque Nacional de Do\u00f1ana y a 12 minutos de la playa de Matalasca\u00f1as.\",\"publisher\":{\"@id\":\"https:\/\/campinglaaldea.com\/#organization\"},\"potentialAction\":[{\"@type\":\"SearchAction\",\"target\":{\"@type\":\"EntryPoint\",\"urlTemplate\":\"https:\/\/campinglaaldea.com\/?s={search_term_string}\"},\"query-input\":{\"@type\":\"PropertyValueSpecification\",\"valueRequired\":true,\"valueName\":\"search_term_string\"}}],\"inLanguage\":\"en-US\"},{\"@type\":\"Organization\",\"@id\":\"https:\/\/campinglaaldea.com\/#organization\",\"name\":\"Camping La Aldea cerca del Parque Nacional de Do\u00f1ana\",\"url\":\"https:\/\/campinglaaldea.com\/\",\"logo\":{\"@type\":\"ImageObject\",\"inLanguage\":\"en-US\",\"@id\":\"https:\/\/campinglaaldea.com\/#\/schema\/logo\/image\/\",\"url\":\"https:\/\/campinglaaldea.com\/wp-content\/uploads\/2020\/06\/cropped-logo-laaldea.png\",\"contentUrl\":\"https:\/\/campinglaaldea.com\/wp-content\/uploads\/2020\/06\/cropped-logo-laaldea.png\",\"width\":290,\"height\":128,\"caption\":\"Camping La Aldea cerca del Parque Nacional de Do\u00f1ana\"},\"image\":{\"@id\":\"https:\/\/campinglaaldea.com\/#\/schema\/logo\/image\/\"}}]}<\/script>\n<!-- \/ Yoast SEO plugin. -->","yoast_head_json":{"title":"How to arrive - Camping La Aldea cerca del Parque Nacional de Do\u00f1ana","description":"Find out how to reach Camping La Aldea with detailed directions from various cities and transportation options.","robots":{"index":"index","follow":"follow","max-snippet":"max-snippet:-1","max-image-preview":"max-image-preview:large","max-video-preview":"max-video-preview:-1"},"canonical":"https:\/\/campinglaaldea.com\/en\/how-to-arrive\/","og_locale":"en_US","og_type":"article","og_title":"How to arrive - Camping La Aldea cerca del Parque Nacional de Do\u00f1ana","og_description":"Find out how to reach Camping La Aldea with detailed directions from various cities and transportation options.","og_url":"https:\/\/campinglaaldea.com\/en\/how-to-arrive\/","og_site_name":"Camping La Aldea cerca del Parque Nacional de Do\u00f1ana","article_modified_time":"2024-09-09T12:00:26+00:00","twitter_card":"summary_large_image","schema":{"@context":"https:\/\/schema.org","@graph":[{"@type":"WebPage","@id":"https:\/\/campinglaaldea.com\/en\/how-to-arrive\/","url":"https:\/\/campinglaaldea.com\/en\/how-to-arrive\/","name":"How to arrive - Camping La Aldea cerca del Parque Nacional de Do\u00f1ana","isPartOf":{"@id":"https:\/\/campinglaaldea.com\/#website"},"datePublished":"2019-11-28T15:02:58+00:00","dateModified":"2024-09-09T12:00:26+00:00","description":"Find out how to reach Camping La Aldea with detailed directions from various cities and transportation options.","breadcrumb":{"@id":"https:\/\/campinglaaldea.com\/en\/how-to-arrive\/#breadcrumb"},"inLanguage":"en-US","potentialAction":[{"@type":"ReadAction","target":["https:\/\/campinglaaldea.com\/en\/how-to-arrive\/"]}]},{"@type":"BreadcrumbList","@id":"https:\/\/campinglaaldea.com\/en\/how-to-arrive\/#breadcrumb","itemListElement":[{"@type":"ListItem","position":1,"name":"Home","item":"https:\/\/campinglaaldea.com\/en\/"},{"@type":"ListItem","position":2,"name":"How to arrive"}]},{"@type":"WebSite","@id":"https:\/\/campinglaaldea.com\/#website","url":"https:\/\/campinglaaldea.com\/","name":"Camping La Aldea cerca del Parque Nacional de Do\u00f1ana","description":"Camping situado en la Aldea del Roc\u00edo, a las puertas del Parque Nacional de Do\u00f1ana y a 12 minutos de la playa de Matalasca\u00f1as.","publisher":{"@id":"https:\/\/campinglaaldea.com\/#organization"},"potentialAction":[{"@type":"SearchAction","target":{"@type":"EntryPoint","urlTemplate":"https:\/\/campinglaaldea.com\/?s={search_term_string}"},"query-input":{"@type":"PropertyValueSpecification","valueRequired":true,"valueName":"search_term_string"}}],"inLanguage":"en-US"},{"@type":"Organization","@id":"https:\/\/campinglaaldea.com\/#organization","name":"Camping La Aldea cerca del Parque Nacional de Do\u00f1ana","url":"https:\/\/campinglaaldea.com\/","logo":{"@type":"ImageObject","inLanguage":"en-US","@id":"https:\/\/campinglaaldea.com\/#\/schema\/logo\/image\/","url":"https:\/\/campinglaaldea.com\/wp-content\/uploads\/2020\/06\/cropped-logo-laaldea.png","contentUrl":"https:\/\/campinglaaldea.com\/wp-content\/uploads\/2020\/06\/cropped-logo-laaldea.png","width":290,"height":128,"caption":"Camping La Aldea cerca del Parque Nacional de Do\u00f1ana"},"image":{"@id":"https:\/\/campinglaaldea.com\/#\/schema\/logo\/image\/"}}]}},"_links":{"self":[{"href":"https:\/\/campinglaaldea.com\/en\/wp-json\/wp\/v2\/pages\/2808","targetHints":{"allow":["GET"]}}],"collection":[{"href":"https:\/\/campinglaaldea.com\/en\/wp-json\/wp\/v2\/pages"}],"about":[{"href":"https:\/\/campinglaaldea.com\/en\/wp-json\/wp\/v2\/types\/page"}],"author":[{"embeddable":true,"href":"https:\/\/campinglaaldea.com\/en\/wp-json\/wp\/v2\/users\/1"}],"replies":[{"embeddable":true,"href":"https:\/\/campinglaaldea.com\/en\/wp-json\/wp\/v2\/comments?post=2808"}],"version-history":[{"count":3,"href":"https:\/\/campinglaaldea.com\/en\/wp-json\/wp\/v2\/pages\/2808\/revisions"}],"predecessor-version":[{"id":3117,"href":"https:\/\/campinglaaldea.com\/en\/wp-json\/wp\/v2\/pages\/2808\/revisions\/3117"}],"wp:attachment":[{"href":"https:\/\/campinglaaldea.com\/en\/wp-json\/wp\/v2\/media?parent=2808"}],"curies":[{"name":"wp","href":"https:\/\/api.w.org\/{rel}","templated":true}]}}