{"id":2912,"date":"2019-11-12T18:20:09","date_gmt":"2019-11-12T17:20:09","guid":{"rendered":"http:\/\/campinglaaldea.com.mialias.net\/entorno\/"},"modified":"2025-03-24T13:20:24","modified_gmt":"2025-03-24T12:20:24","slug":"omgeving","status":"publish","type":"page","link":"https:\/\/campinglaaldea.com\/nl\/omgeving\/","title":{"rendered":"Omgeving"},"content":{"rendered":"","protected":false},"excerpt":{"rendered":"","protected":false},"author":1,"featured_media":0,"parent":0,"menu_order":3,"comment_status":"closed","ping_status":"closed","template":"templates\/tmp-general.php","meta":{"_acf_changed":false,"om_disable_all_campaigns":false,"footnotes":""},"class_list":["post-2912","page","type-page","status-publish","hentry"],"acf":[],"yoast_head":"<!-- This site is optimized with the Yoast SEO plugin v26.5 - https:\/\/yoast.com\/wordpress\/plugins\/seo\/ -->\n<title>Omgeving - Camping La Aldea cerca del Parque Nacional de Do\u00f1ana<\/title>\n<meta name=\"description\" content=\"Ontdek de omgeving van Camping la Aldea. Het is een perfecte plek om te genieten van een vakantie midden in de natuur en buiten.\" \/>\n<meta name=\"robots\" content=\"index, follow, max-snippet:-1, max-image-preview:large, max-video-preview:-1\" \/>\n<link rel=\"canonical\" href=\"https:\/\/campinglaaldea.com\/nl\/omgeving\/\" \/>\n<meta property=\"og:locale\" content=\"nl_NL\" \/>\n<meta property=\"og:type\" content=\"article\" \/>\n<meta property=\"og:title\" content=\"Omgeving - Camping La Aldea cerca del Parque Nacional de Do\u00f1ana\" \/>\n<meta property=\"og:description\" content=\"Ontdek de omgeving van Camping la Aldea. Het is een perfecte plek om te genieten van een vakantie midden in de natuur en buiten.\" \/>\n<meta property=\"og:url\" content=\"https:\/\/campinglaaldea.com\/nl\/omgeving\/\" \/>\n<meta property=\"og:site_name\" content=\"Camping La Aldea cerca del Parque Nacional de Do\u00f1ana\" \/>\n<meta property=\"article:modified_time\" content=\"2025-03-24T12:20:24+00:00\" \/>\n<meta name=\"twitter:card\" content=\"summary_large_image\" \/>\n<script type=\"application\/ld+json\" class=\"yoast-schema-graph\">{\"@context\":\"https:\/\/schema.org\",\"@graph\":[{\"@type\":\"WebPage\",\"@id\":\"https:\/\/campinglaaldea.com\/nl\/omgeving\/\",\"url\":\"https:\/\/campinglaaldea.com\/nl\/omgeving\/\",\"name\":\"Omgeving - Camping La Aldea cerca del Parque Nacional de Do\u00f1ana\",\"isPartOf\":{\"@id\":\"https:\/\/campinglaaldea.com\/#website\"},\"datePublished\":\"2019-11-12T17:20:09+00:00\",\"dateModified\":\"2025-03-24T12:20:24+00:00\",\"description\":\"Ontdek de omgeving van Camping la Aldea. Het is een perfecte plek om te genieten van een vakantie midden in de natuur en buiten.\",\"breadcrumb\":{\"@id\":\"https:\/\/campinglaaldea.com\/nl\/omgeving\/#breadcrumb\"},\"inLanguage\":\"nl-NL\",\"potentialAction\":[{\"@type\":\"ReadAction\",\"target\":[\"https:\/\/campinglaaldea.com\/nl\/omgeving\/\"]}]},{\"@type\":\"BreadcrumbList\",\"@id\":\"https:\/\/campinglaaldea.com\/nl\/omgeving\/#breadcrumb\",\"itemListElement\":[{\"@type\":\"ListItem\",\"position\":1,\"name\":\"Ontvangst\",\"item\":\"https:\/\/campinglaaldea.com\/nl\/\"},{\"@type\":\"ListItem\",\"position\":2,\"name\":\"Omgeving\"}]},{\"@type\":\"WebSite\",\"@id\":\"https:\/\/campinglaaldea.com\/#website\",\"url\":\"https:\/\/campinglaaldea.com\/\",\"name\":\"Camping La Aldea cerca del Parque Nacional de Do\u00f1ana\",\"description\":\"Camping situado en la Aldea del Roc\u00edo, a las puertas del Parque Nacional de Do\u00f1ana y a 12 minutos de la playa de Matalasca\u00f1as.\",\"publisher\":{\"@id\":\"https:\/\/campinglaaldea.com\/#organization\"},\"potentialAction\":[{\"@type\":\"SearchAction\",\"target\":{\"@type\":\"EntryPoint\",\"urlTemplate\":\"https:\/\/campinglaaldea.com\/?s={search_term_string}\"},\"query-input\":{\"@type\":\"PropertyValueSpecification\",\"valueRequired\":true,\"valueName\":\"search_term_string\"}}],\"inLanguage\":\"nl-NL\"},{\"@type\":\"Organization\",\"@id\":\"https:\/\/campinglaaldea.com\/#organization\",\"name\":\"Camping La Aldea cerca del Parque Nacional de Do\u00f1ana\",\"url\":\"https:\/\/campinglaaldea.com\/\",\"logo\":{\"@type\":\"ImageObject\",\"inLanguage\":\"nl-NL\",\"@id\":\"https:\/\/campinglaaldea.com\/#\/schema\/logo\/image\/\",\"url\":\"https:\/\/campinglaaldea.com\/wp-content\/uploads\/2020\/06\/cropped-logo-laaldea.png\",\"contentUrl\":\"https:\/\/campinglaaldea.com\/wp-content\/uploads\/2020\/06\/cropped-logo-laaldea.png\",\"width\":290,\"height\":128,\"caption\":\"Camping La Aldea cerca del Parque Nacional de Do\u00f1ana\"},\"image\":{\"@id\":\"https:\/\/campinglaaldea.com\/#\/schema\/logo\/image\/\"}}]}<\/script>\n<!-- \/ Yoast SEO plugin. -->","yoast_head_json":{"title":"Omgeving - Camping La Aldea cerca del Parque Nacional de Do\u00f1ana","description":"Ontdek de omgeving van Camping la Aldea. Het is een perfecte plek om te genieten van een vakantie midden in de natuur en buiten.","robots":{"index":"index","follow":"follow","max-snippet":"max-snippet:-1","max-image-preview":"max-image-preview:large","max-video-preview":"max-video-preview:-1"},"canonical":"https:\/\/campinglaaldea.com\/nl\/omgeving\/","og_locale":"nl_NL","og_type":"article","og_title":"Omgeving - Camping La Aldea cerca del Parque Nacional de Do\u00f1ana","og_description":"Ontdek de omgeving van Camping la Aldea. Het is een perfecte plek om te genieten van een vakantie midden in de natuur en buiten.","og_url":"https:\/\/campinglaaldea.com\/nl\/omgeving\/","og_site_name":"Camping La Aldea cerca del Parque Nacional de Do\u00f1ana","article_modified_time":"2025-03-24T12:20:24+00:00","twitter_card":"summary_large_image","schema":{"@context":"https:\/\/schema.org","@graph":[{"@type":"WebPage","@id":"https:\/\/campinglaaldea.com\/nl\/omgeving\/","url":"https:\/\/campinglaaldea.com\/nl\/omgeving\/","name":"Omgeving - Camping La Aldea cerca del Parque Nacional de Do\u00f1ana","isPartOf":{"@id":"https:\/\/campinglaaldea.com\/#website"},"datePublished":"2019-11-12T17:20:09+00:00","dateModified":"2025-03-24T12:20:24+00:00","description":"Ontdek de omgeving van Camping la Aldea. Het is een perfecte plek om te genieten van een vakantie midden in de natuur en buiten.","breadcrumb":{"@id":"https:\/\/campinglaaldea.com\/nl\/omgeving\/#breadcrumb"},"inLanguage":"nl-NL","potentialAction":[{"@type":"ReadAction","target":["https:\/\/campinglaaldea.com\/nl\/omgeving\/"]}]},{"@type":"BreadcrumbList","@id":"https:\/\/campinglaaldea.com\/nl\/omgeving\/#breadcrumb","itemListElement":[{"@type":"ListItem","position":1,"name":"Ontvangst","item":"https:\/\/campinglaaldea.com\/nl\/"},{"@type":"ListItem","position":2,"name":"Omgeving"}]},{"@type":"WebSite","@id":"https:\/\/campinglaaldea.com\/#website","url":"https:\/\/campinglaaldea.com\/","name":"Camping La Aldea cerca del Parque Nacional de Do\u00f1ana","description":"Camping situado en la Aldea del Roc\u00edo, a las puertas del Parque Nacional de Do\u00f1ana y a 12 minutos de la playa de Matalasca\u00f1as.","publisher":{"@id":"https:\/\/campinglaaldea.com\/#organization"},"potentialAction":[{"@type":"SearchAction","target":{"@type":"EntryPoint","urlTemplate":"https:\/\/campinglaaldea.com\/?s={search_term_string}"},"query-input":{"@type":"PropertyValueSpecification","valueRequired":true,"valueName":"search_term_string"}}],"inLanguage":"nl-NL"},{"@type":"Organization","@id":"https:\/\/campinglaaldea.com\/#organization","name":"Camping La Aldea cerca del Parque Nacional de Do\u00f1ana","url":"https:\/\/campinglaaldea.com\/","logo":{"@type":"ImageObject","inLanguage":"nl-NL","@id":"https:\/\/campinglaaldea.com\/#\/schema\/logo\/image\/","url":"https:\/\/campinglaaldea.com\/wp-content\/uploads\/2020\/06\/cropped-logo-laaldea.png","contentUrl":"https:\/\/campinglaaldea.com\/wp-content\/uploads\/2020\/06\/cropped-logo-laaldea.png","width":290,"height":128,"caption":"Camping La Aldea cerca del Parque Nacional de Do\u00f1ana"},"image":{"@id":"https:\/\/campinglaaldea.com\/#\/schema\/logo\/image\/"}}]}},"_links":{"self":[{"href":"https:\/\/campinglaaldea.com\/nl\/wp-json\/wp\/v2\/pages\/2912","targetHints":{"allow":["GET"]}}],"collection":[{"href":"https:\/\/campinglaaldea.com\/nl\/wp-json\/wp\/v2\/pages"}],"about":[{"href":"https:\/\/campinglaaldea.com\/nl\/wp-json\/wp\/v2\/types\/page"}],"author":[{"embeddable":true,"href":"https:\/\/campinglaaldea.com\/nl\/wp-json\/wp\/v2\/users\/1"}],"replies":[{"embeddable":true,"href":"https:\/\/campinglaaldea.com\/nl\/wp-json\/wp\/v2\/comments?post=2912"}],"version-history":[{"count":5,"href":"https:\/\/campinglaaldea.com\/nl\/wp-json\/wp\/v2\/pages\/2912\/revisions"}],"predecessor-version":[{"id":3535,"href":"https:\/\/campinglaaldea.com\/nl\/wp-json\/wp\/v2\/pages\/2912\/revisions\/3535"}],"wp:attachment":[{"href":"https:\/\/campinglaaldea.com\/nl\/wp-json\/wp\/v2\/media?parent=2912"}],"curies":[{"name":"wp","href":"https:\/\/api.w.org\/{rel}","templated":true}]}}